{"id":73352,"date":"2026-02-13T22:02:55","date_gmt":"2026-02-13T21:02:55","guid":{"rendered":"https:\/\/gourmetcsomagkuldes.hu\/?post_type=product&#038;p=73352"},"modified":"2026-02-13T22:29:31","modified_gmt":"2026-02-13T21:29:31","slug":"delikat-varazslat-ajandekkosar","status":"publish","type":"product","link":"https:\/\/gourmetcsomagkuldes.hu\/en\/product\/delikat-varazslat-ajandekkosar\/","title":{"rendered":"Nagy delik\u00e1t var\u00e1zslat aj\u00e1nd\u00e9kkos\u00e1r"},"content":{"rendered":"<h2 data-start=\"164\" data-end=\"241\">Nagy Delik\u00e1t Var\u00e1zslat Aj\u00e1nd\u00e9kkos\u00e1r \u2013 t\u00f6k\u00e9letes meglepet\u00e9s Magyarorsz\u00e1gra<\/h2>\n<p data-start=\"243\" data-end=\"436\">Nem tudod, mivel lepd meg csal\u00e1dodat vagy bar\u00e1taidat sz\u00fclet\u00e9snapra, n\u00e9vnapra?<br data-start=\"309\" data-end=\"312\" \/>V\u00e1laszd pr\u00e9mium <strong data-start=\"328\" data-end=\"368\">Nagy Delik\u00e1t aj\u00e1nd\u00e9kkosarunkat<\/strong>, amelyet egyszer\u0171en elk\u00fcldhetsz <strong data-start=\"401\" data-end=\"419\">Magyarorsz\u00e1gra<\/strong> k\u00fclf\u00f6ldr\u0151l is!<\/p>\n<hr data-start=\"438\" data-end=\"441\" \/>\n<h2 data-start=\"443\" data-end=\"520\">Aj\u00e1nd\u00e9kk\u00fcld\u00e9s Magyarorsz\u00e1gra k\u00fclf\u00f6ldr\u0151l \u2013 egyszer\u0171en \u00e9s biztons\u00e1gosan<\/h2>\n<p data-start=\"522\" data-end=\"716\">Ha t\u00e1vol \u00e9lsz, de szeretn\u00e9l m\u00e9gis szem\u00e9lyes meglepet\u00e9st k\u00fcldeni, n\u00e1lunk k\u00f6nnyen megteheted.<br data-start=\"613\" data-end=\"616\" \/>Rendeld meg online, \u00e9s mi gondoskodunk a gyors, biztons\u00e1gos kisz\u00e1ll\u00edt\u00e1sr\u00f3l Magyarorsz\u00e1g ter\u00fclet\u00e9n.<\/p>\n<hr data-start=\"718\" data-end=\"721\" \/>\n<h2 data-start=\"723\" data-end=\"788\">K\u00fcl\u00f6nleges csokol\u00e1d\u00e9k, te\u00e1k \u00e9s k\u00e1v\u00e9k egy eleg\u00e1ns dobozban<\/h2>\n<p data-start=\"790\" data-end=\"865\">Szeretteid im\u00e1dni fogj\u00e1k a gondosan \u00f6sszev\u00e1logatott delik\u00e1t finoms\u00e1gokat:<\/p>\n<ul data-start=\"866\" data-end=\"963\">\n<li data-start=\"866\" data-end=\"901\">\n<p data-start=\"868\" data-end=\"901\">pr\u00e9mium <strong data-start=\"876\" data-end=\"899\">pralin\u00e9<\/strong><\/p>\n<\/li>\n<li data-start=\"902\" data-end=\"933\">\n<p data-start=\"904\" data-end=\"933\">illatos <strong data-start=\"912\" data-end=\"931\">v\u00e1logatott tea<\/strong><\/p>\n<\/li>\n<li data-start=\"934\" data-end=\"963\">\n<p data-start=\"936\" data-end=\"963\">arom\u00e1s <strong data-start=\"943\" data-end=\"961\">min\u0151s\u00e9gi k\u00e1v\u00e9<\/strong><\/p>\n<\/li>\n<\/ul>\n<p data-start=\"965\" data-end=\"1053\">Ez a <strong data-start=\"970\" data-end=\"994\">delik\u00e1t aj\u00e1nd\u00e9kkos\u00e1r<\/strong>\u00a0nemcsak finom, hanem igaz\u00e1n \u00fcnnepi hangulatot is teremt.<\/p>\n<hr data-start=\"1055\" data-end=\"1058\" \/>\n<h2 data-start=\"1060\" data-end=\"1107\">K\u00fcldd el a szeretet \u00edz\u00e9t Magyarorsz\u00e1gra<\/h2>\n<p data-start=\"1109\" data-end=\"1265\">Rendelj online, v\u00e1lassz gy\u00f6ny\u00f6r\u0171en csomagolt <strong data-start=\"1154\" data-end=\"1183\">\u00a0aj\u00e1nd\u00e9kkosarat<\/strong>, \u00e9s lepd meg szeretteidet pr\u00e9mium \u00edzekkel \u2013 m\u00e9g akkor is, ha messze vagy t\u0151l\u00fck.<\/p>\n<ul>\n<li><strong>Figula Sz\u00e1ka olaszrizling feh\u00e9r bor<\/strong><b>\u00a00,75 \u00a0l<\/b><\/li>\n<li><strong>Kony\u00e1ri Loliense feh\u00e9r bor <\/strong><b>0,75 \u00a0l<\/b><\/li>\n<li><strong>Gere Cabernet Sauvignon v\u00f6r\u00f6s bor <\/strong><b>\u00a00,75 \u00a0l<\/b><\/li>\n<li><strong>Elit tr\u00fcffelv\u00e1logat\u00e1s 195 gr<\/strong><\/li>\n<li><strong>Nocciolato csokol\u00e1d\u00e9s pralin\u00e9 150 gr<\/strong><\/li>\n<li><strong>Doti csokol\u00e1d\u00e9ba m\u00e1rtott aszalt gy\u00fcm\u00f6lcs 50g<\/strong><\/li>\n<li><strong>N\u00e9met teavar\u00e1zs 100 gr<\/strong><\/li>\n<li><strong>Jules Destropper finoms\u00e1g (keksz) 75 gr<\/strong><\/li>\n<li><b>Encona sz\u00f3sz 100g<\/b><\/li>\n<li><strong>Walkers vajas keksz (sk\u00f3t) 150 gr<\/strong><\/li>\n<li><strong>3 db Biscolata csokol\u00e1d\u00e9s stick 35 gr<\/strong><\/li>\n<li><strong>Caramoon karamell\u00e1s popcorn 70 gr<\/strong><\/li>\n<li><strong>Elit Fruit bag 125 gr<\/strong><\/li>\n<li><strong>Pure karamell tr\u00fcffel 50 gr<\/strong><\/li>\n<li><strong>Beanies instant k\u00e1v\u00e9 50 gr<\/strong><\/li>\n<li><strong>Tivoli keksz 100 gr<\/strong><\/li>\n<li><strong>Fragola csokol\u00e1d\u00e9ba m\u00e1rtott eper 120 gr<\/strong><\/li>\n<li><strong>Via Naturals gombap\u00e1st\u00e9tom 100 gr<\/strong><\/li>\n<li><strong>Pillecukor 100 gr<\/strong><\/li>\n<li><strong>Kos\u00e1rban, kar\u00e1csonyi <\/strong><b>d\u00edszcsomagol\u00e1ssal<\/b><\/li>\n<\/ul>\n<p>&nbsp;<\/p>\n<p>Ez a delik\u00e1t aj\u00e1nd\u00e9kkos\u00e1r a <strong>d\u00edszcsomagol\u00e1s<\/strong> \u00e9s egy dekorat\u00edv <strong>k\u00eds\u00e9r\u0151k\u00e1rtya<\/strong> \u00e1r\u00e1t is tartalmazza, amelynek sz\u00f6veg\u00e9t a megrendel\u00e9s lead\u00e1sakor tudod megadni. A felt\u00fcntetett \u00e1r a kisz\u00e1ll\u00edt\u00e1s d\u00edj\u00e1t nem tartalmazza. Err\u0151l a <a href=\"https:\/\/gourmetcsomagkuldes.hu\/szallitasi-informaciok\/\">sz\u00e1ll\u00edt\u00e1si inform\u00e1ci\u00f3k<\/a> linkre kattintva tudhatsz meg t\u00f6bbet.<\/p>\n<p>Sz\u00fclet\u00e9snapi, alkalmi aj\u00e1nd\u00e9kkosaraink \u00e9s dobozaink egyedileg k\u00e9sz\u00fclnek, gondosan \u00f6ssze\u00e1ll\u00edtott k\u00e9zm\u0171ves csomagok, ez\u00e1ltal garant\u00e1lva a magas min\u0151s\u00e9get \u00e9s megrendel\u0151ink el\u00e9gedetts\u00e9g\u00e9t.<\/p>\n<p>Ha tetszik ez a csomag, akkor javasoljuk, hogy n\u00e9zd meg a szint\u00e9n nagyon kelend\u0151 <a href=\"https:\/\/gourmetcsomagkuldes.hu\/termek\/orias-delikat-ajandekkosar\/\">\u00d3ri\u00e1s aj\u00e1nd\u00e9kkos\u00e1r<\/a> -t is!<\/p>\n<p>Csomagjainkkal m\u00e1r k\u00f6nnyen tal\u00e1lkozhatt\u00e1l el\u0151z\u0151 <a href=\"https:\/\/www.ajandekcsomagkuldes.hu\/gift.php?t=a4a4p4&amp;kb=x2z2&amp;g=53x2\">weboldalunkon<\/a>, ahol szint\u00e9n meg tudod rendelni a sz\u00e1modra legk\u00fcl\u00f6nlegesebb aj\u00e1nd\u00e9kot.<\/p>\n<p class=\" translation-block\">For specific questions, quantity discounts or problems, please contact us by phone or e-mail.<\/p>\n<p>Rem\u00e9lj\u00fck megtal\u00e1lod az alkalomhoz ill\u0151 \u00e9s kedvedre val\u00f3 aj\u00e1nd\u00e9kot, b\u00e1r ebb\u0151l a csomagb\u00f3l nem hi\u00e1nyoznak a p\u00e1ratlan magyar borok, de term\u00e9szetesen van alkoholmentes \u00e9s cukormentes meglepet\u00e9s\u00fcnk is, ak\u00e1r dobozban, ak\u00e1r aj\u00e1nd\u00e9kkos\u00e1rban is.<\/p>\n<p class=\" translation-block\">Thank you for choosing Gourmet Csomagkuldes.<\/p>","protected":false},"excerpt":{"rendered":"<p>Ha m\u00e9g nem tudod, hogy mivel lepd meg szeretteid, ismer\u0151seid, ennek a hatalmas aj\u00e1nd\u00e9kkos\u00e1rnak biztosan \u00f6r\u00fclni fognak!<\/p>\n<p class=\" translation-block\">You can specify the exact delivery date when placing your order.<\/p>\n<p class=\" translation-block\">Add a teddy bear, flowers in a pot or send a framed photo to the lucky recipient to make the surprise more personal!<\/p>\n<p>&nbsp;<\/p>","protected":false},"featured_media":72651,"template":"","meta":[],"product_brand":[],"product_cat":[283,291,23,22,52,21,20,19,25],"product_tag":[69,59,60,47,46,49,68,190,54,231],"class_list":{"0":"post-73352","1":"product","2":"type-product","3":"status-publish","4":"has-post-thumbnail","6":"product_cat-anyak-napi-ajandekcsomag","7":"product_cat-apak-napja-ajandek","8":"product_cat-babavaro-ajandekcsomagok","9":"product_cat-eskuvoi-ajandekcsomagok","10":"product_cat-extraval","11":"product_cat-jobbulast-ajandekcsomagok","12":"product_cat-koszonetajandekok","13":"product_cat-szulinapi-ajandekcsomagok","14":"product_cat-uzleti-ajandekcsomagok","15":"product_tag-ajandek-karacsonyra","16":"product_tag-ajandek-kuldese","17":"product_tag-ajandekcsomag","18":"product_tag-ajandekdoboz","19":"product_tag-ajandekkosar","20":"product_tag-ajandekkosarak","21":"product_tag-csomagkuldes","22":"product_tag-diszdobozos-ajandek","23":"product_tag-karacsonyi-ajandek","24":"product_tag-karacsonyi-ajandekdoboz","26":"entry","27":"has-media","29":"first","30":"instock","31":"taxable","32":"shipping-taxable","33":"purchasable","34":"product-type-bundle","35":"has-product-nav","36":"col","37":"span_1_of_3","38":"owp-content-center","39":"owp-thumbs-layout-horizontal","40":"owp-btn-normal","41":"owp-tabs-layout-horizontal"},"bundled_by":[],"bundle_stock_status":"instock","bundle_stock_quantity":"","bundle_virtual":false,"bundle_layout":"default","bundle_add_to_cart_form_location":"default","bundle_editable_in_cart":false,"bundle_sold_individually_context":"product","bundle_item_grouping":"parent","bundle_min_size":"","bundle_max_size":"","bundle_price":{"price":{"min":{"incl_tax":"97900","excl_tax":"97900"},"max":{"incl_tax":"110780","excl_tax":"110780"}},"regular_price":{"min":{"incl_tax":"97900","excl_tax":"97900"},"max":{"incl_tax":"110780","excl_tax":"110780"}}},"bundled_items":[{"bundled_item_id":423,"product_id":804,"menu_order":0,"quantity_min":1,"quantity_max":1,"quantity_default":1,"priced_individually":true,"shipped_individually":false,"override_title":true,"title":"Teddy bear","override_description":false,"description":"","optional":true,"hide_thumbnail":true,"discount":"","override_variations":false,"allowed_variations":[],"override_default_variation_attributes":false,"default_variation_attributes":[],"single_product_visibility":"visible","cart_visibility":"visible","order_visibility":"visible","single_product_price_visibility":"hidden","cart_price_visibility":"visible","order_price_visibility":"visible","stock_status":"in_stock"},{"bundled_item_id":424,"product_id":799,"menu_order":1,"quantity_min":1,"quantity_max":1,"quantity_default":1,"priced_individually":true,"shipped_individually":false,"override_title":true,"title":"Flower in pot","override_description":false,"description":"","optional":true,"hide_thumbnail":true,"discount":"","override_variations":false,"allowed_variations":[],"override_default_variation_attributes":false,"default_variation_attributes":[],"single_product_visibility":"visible","cart_visibility":"visible","order_visibility":"visible","single_product_price_visibility":"hidden","cart_price_visibility":"visible","order_price_visibility":"visible","stock_status":"in_stock"},{"bundled_item_id":425,"product_id":843,"menu_order":2,"quantity_min":1,"quantity_max":1,"quantity_default":1,"priced_individually":true,"shipped_individually":false,"override_title":true,"title":"Personal framed photo","override_description":false,"description":"","optional":true,"hide_thumbnail":true,"discount":"","override_variations":false,"allowed_variations":[],"override_default_variation_attributes":false,"default_variation_attributes":[],"single_product_visibility":"visible","cart_visibility":"visible","order_visibility":"visible","single_product_price_visibility":"hidden","cart_price_visibility":"visible","order_price_visibility":"visible","stock_status":"in_stock"}],"bundle_sell_ids":[],"yoast_head":"<!-- This site is optimized with the Yoast SEO Premium plugin v27.3 (Yoast SEO v27.3) - https:\/\/yoast.com\/product\/yoast-seo-premium-wordpress\/ -->\n<title>Nagy delik\u00e1t var\u00e1zslat aj\u00e1nd\u00e9kkos\u00e1r - Gourmet Csomagk\u00fcld\u00e9s<\/title>\n<meta name=\"description\" content=\"Lepd meg szeretteidet ezzel a delik\u00e1t aj\u00e1nd\u00e9kkos\u00e1rral Magyarorsz\u00e1gon, tele pr\u00e9mium finoms\u00e1gokkal! Tematikus aj\u00e1nd\u00e9k\u00e9rt v\u00e1laszd ezt!\" \/>\n<meta name=\"robots\" content=\"index, follow, max-snippet:-1, max-image-preview:large, max-video-preview:-1\" \/>\n<link rel=\"canonical\" href=\"https:\/\/gourmetcsomagkuldes.hu\/en\/product\/delikat-varazslat-ajandekkosar\/\" \/>\n<meta property=\"og:locale\" content=\"en_GB\" \/>\n<meta property=\"og:type\" content=\"article\" \/>\n<meta property=\"og:title\" content=\"Nagy delik\u00e1t var\u00e1zslat aj\u00e1nd\u00e9kkos\u00e1r\" \/>\n<meta property=\"og:description\" content=\"Lepd meg szeretteidet ezzel a delik\u00e1t aj\u00e1nd\u00e9kkos\u00e1rral Magyarorsz\u00e1gon, tele pr\u00e9mium finoms\u00e1gokkal! Tematikus aj\u00e1nd\u00e9k\u00e9rt v\u00e1laszd ezt!\" \/>\n<meta property=\"og:url\" content=\"https:\/\/gourmetcsomagkuldes.hu\/en\/product\/delikat-varazslat-ajandekkosar\/\" \/>\n<meta property=\"og:site_name\" content=\"Gourmet Csomagk\u00fcld\u00e9s\" \/>\n<meta property=\"article:modified_time\" content=\"2026-02-13T21:29:31+00:00\" \/>\n<meta property=\"og:image\" content=\"https:\/\/gourmetcsomagkuldes.hu\/wp-content\/uploads\/2025\/10\/image1-2.jpg\" \/>\n\t<meta property=\"og:image:width\" content=\"600\" \/>\n\t<meta property=\"og:image:height\" content=\"600\" \/>\n\t<meta property=\"og:image:type\" content=\"image\/jpeg\" \/>\n<meta name=\"twitter:card\" content=\"summary_large_image\" \/>\n<meta name=\"twitter:label1\" content=\"Estimated reading time\" \/>\n\t<meta name=\"twitter:data1\" content=\"3 minutes\" \/>\n<script type=\"application\/ld+json\" class=\"yoast-schema-graph\">{\"@context\":\"https:\\\/\\\/schema.org\",\"@graph\":[{\"@type\":\"WebPage\",\"@id\":\"https:\\\/\\\/gourmetcsomagkuldes.hu\\\/termek\\\/delikat-varazslat-ajandekkosar\\\/\",\"url\":\"https:\\\/\\\/gourmetcsomagkuldes.hu\\\/termek\\\/delikat-varazslat-ajandekkosar\\\/\",\"name\":\"Nagy delik\u00e1t var\u00e1zslat aj\u00e1nd\u00e9kkos\u00e1r - Gourmet Csomagk\u00fcld\u00e9s\",\"isPartOf\":{\"@id\":\"https:\\\/\\\/gourmetcsomagkuldes.hu\\\/#website\"},\"primaryImageOfPage\":{\"@id\":\"https:\\\/\\\/gourmetcsomagkuldes.hu\\\/termek\\\/delikat-varazslat-ajandekkosar\\\/#primaryimage\"},\"image\":{\"@id\":\"https:\\\/\\\/gourmetcsomagkuldes.hu\\\/termek\\\/delikat-varazslat-ajandekkosar\\\/#primaryimage\"},\"thumbnailUrl\":\"https:\\\/\\\/gourmetcsomagkuldes.hu\\\/wp-content\\\/uploads\\\/2025\\\/10\\\/image1-2.jpg\",\"datePublished\":\"2026-02-13T21:02:55+00:00\",\"dateModified\":\"2026-02-13T21:29:31+00:00\",\"description\":\"Lepd meg szeretteidet ezzel a delik\u00e1t aj\u00e1nd\u00e9kkos\u00e1rral Magyarorsz\u00e1gon, tele pr\u00e9mium finoms\u00e1gokkal! Tematikus aj\u00e1nd\u00e9k\u00e9rt v\u00e1laszd ezt!\",\"breadcrumb\":{\"@id\":\"https:\\\/\\\/gourmetcsomagkuldes.hu\\\/termek\\\/delikat-varazslat-ajandekkosar\\\/#breadcrumb\"},\"inLanguage\":\"en-GB\",\"potentialAction\":[{\"@type\":\"ReadAction\",\"target\":[\"https:\\\/\\\/gourmetcsomagkuldes.hu\\\/termek\\\/delikat-varazslat-ajandekkosar\\\/\"]}]},{\"@type\":\"ImageObject\",\"inLanguage\":\"en-GB\",\"@id\":\"https:\\\/\\\/gourmetcsomagkuldes.hu\\\/termek\\\/delikat-varazslat-ajandekkosar\\\/#primaryimage\",\"url\":\"https:\\\/\\\/gourmetcsomagkuldes.hu\\\/wp-content\\\/uploads\\\/2025\\\/10\\\/image1-2.jpg\",\"contentUrl\":\"https:\\\/\\\/gourmetcsomagkuldes.hu\\\/wp-content\\\/uploads\\\/2025\\\/10\\\/image1-2.jpg\",\"width\":600,\"height\":600},{\"@type\":\"BreadcrumbList\",\"@id\":\"https:\\\/\\\/gourmetcsomagkuldes.hu\\\/termek\\\/delikat-varazslat-ajandekkosar\\\/#breadcrumb\",\"itemListElement\":[{\"@type\":\"ListItem\",\"position\":1,\"name\":\"Kezd\u0151lap\",\"item\":\"https:\\\/\\\/gourmetcsomagkuldes.hu\\\/\"},{\"@type\":\"ListItem\",\"position\":2,\"name\":\"\u00dczlet\",\"item\":\"https:\\\/\\\/gourmetcsomagkuldes.hu\\\/?page_id=10\"},{\"@type\":\"ListItem\",\"position\":3,\"name\":\"Nagy delik\u00e1t var\u00e1zslat aj\u00e1nd\u00e9kkos\u00e1r\"}]},{\"@type\":\"WebSite\",\"@id\":\"https:\\\/\\\/gourmetcsomagkuldes.hu\\\/#website\",\"url\":\"https:\\\/\\\/gourmetcsomagkuldes.hu\\\/\",\"name\":\"Gourmet Csomagk\u00fcld\u00e9s\",\"description\":\"\",\"publisher\":{\"@id\":\"https:\\\/\\\/gourmetcsomagkuldes.hu\\\/#organization\"},\"potentialAction\":[{\"@type\":\"SearchAction\",\"target\":{\"@type\":\"EntryPoint\",\"urlTemplate\":\"https:\\\/\\\/gourmetcsomagkuldes.hu\\\/?s={search_term_string}\"},\"query-input\":{\"@type\":\"PropertyValueSpecification\",\"valueRequired\":true,\"valueName\":\"search_term_string\"}}],\"inLanguage\":\"en-GB\"},{\"@type\":\"Organization\",\"@id\":\"https:\\\/\\\/gourmetcsomagkuldes.hu\\\/#organization\",\"name\":\"Gourmet Csomagk\u00fcld\u00e9s\",\"url\":\"https:\\\/\\\/gourmetcsomagkuldes.hu\\\/\",\"logo\":{\"@type\":\"ImageObject\",\"inLanguage\":\"en-GB\",\"@id\":\"https:\\\/\\\/gourmetcsomagkuldes.hu\\\/#\\\/schema\\\/logo\\\/image\\\/\",\"url\":\"https:\\\/\\\/gourmetcsomagkuldes.hu\\\/wp-content\\\/uploads\\\/2021\\\/09\\\/gourmet_csomagkuldes_logo_feher_png_202106091.png\",\"contentUrl\":\"https:\\\/\\\/gourmetcsomagkuldes.hu\\\/wp-content\\\/uploads\\\/2021\\\/09\\\/gourmet_csomagkuldes_logo_feher_png_202106091.png\",\"width\":3544,\"height\":3544,\"caption\":\"Gourmet Csomagk\u00fcld\u00e9s\"},\"image\":{\"@id\":\"https:\\\/\\\/gourmetcsomagkuldes.hu\\\/#\\\/schema\\\/logo\\\/image\\\/\"}}]}<\/script>\n<!-- \/ Yoast SEO Premium plugin. -->","yoast_head_json":{"title":"Nagy delik\u00e1t var\u00e1zslat aj\u00e1nd\u00e9kkos\u00e1r - Gourmet Csomagk\u00fcld\u00e9s","description":"Lepd meg szeretteidet ezzel a delik\u00e1t aj\u00e1nd\u00e9kkos\u00e1rral Magyarorsz\u00e1gon, tele pr\u00e9mium finoms\u00e1gokkal! Tematikus aj\u00e1nd\u00e9k\u00e9rt v\u00e1laszd ezt!","robots":{"index":"index","follow":"follow","max-snippet":"max-snippet:-1","max-image-preview":"max-image-preview:large","max-video-preview":"max-video-preview:-1"},"canonical":"https:\/\/gourmetcsomagkuldes.hu\/en\/product\/delikat-varazslat-ajandekkosar\/","og_locale":"en_GB","og_type":"article","og_title":"Nagy delik\u00e1t var\u00e1zslat aj\u00e1nd\u00e9kkos\u00e1r","og_description":"Lepd meg szeretteidet ezzel a delik\u00e1t aj\u00e1nd\u00e9kkos\u00e1rral Magyarorsz\u00e1gon, tele pr\u00e9mium finoms\u00e1gokkal! Tematikus aj\u00e1nd\u00e9k\u00e9rt v\u00e1laszd ezt!","og_url":"https:\/\/gourmetcsomagkuldes.hu\/en\/product\/delikat-varazslat-ajandekkosar\/","og_site_name":"Gourmet Csomagk\u00fcld\u00e9s","article_modified_time":"2026-02-13T21:29:31+00:00","og_image":[{"width":600,"height":600,"url":"https:\/\/gourmetcsomagkuldes.hu\/wp-content\/uploads\/2025\/10\/image1-2.jpg","type":"image\/jpeg"}],"twitter_card":"summary_large_image","twitter_misc":{"Estimated reading time":"3 minutes"},"schema":{"@context":"https:\/\/schema.org","@graph":[{"@type":"WebPage","@id":"https:\/\/gourmetcsomagkuldes.hu\/termek\/delikat-varazslat-ajandekkosar\/","url":"https:\/\/gourmetcsomagkuldes.hu\/termek\/delikat-varazslat-ajandekkosar\/","name":"Nagy delik\u00e1t var\u00e1zslat aj\u00e1nd\u00e9kkos\u00e1r - Gourmet Csomagk\u00fcld\u00e9s","isPartOf":{"@id":"https:\/\/gourmetcsomagkuldes.hu\/#website"},"primaryImageOfPage":{"@id":"https:\/\/gourmetcsomagkuldes.hu\/termek\/delikat-varazslat-ajandekkosar\/#primaryimage"},"image":{"@id":"https:\/\/gourmetcsomagkuldes.hu\/termek\/delikat-varazslat-ajandekkosar\/#primaryimage"},"thumbnailUrl":"https:\/\/gourmetcsomagkuldes.hu\/wp-content\/uploads\/2025\/10\/image1-2.jpg","datePublished":"2026-02-13T21:02:55+00:00","dateModified":"2026-02-13T21:29:31+00:00","description":"Lepd meg szeretteidet ezzel a delik\u00e1t aj\u00e1nd\u00e9kkos\u00e1rral Magyarorsz\u00e1gon, tele pr\u00e9mium finoms\u00e1gokkal! Tematikus aj\u00e1nd\u00e9k\u00e9rt v\u00e1laszd ezt!","breadcrumb":{"@id":"https:\/\/gourmetcsomagkuldes.hu\/termek\/delikat-varazslat-ajandekkosar\/#breadcrumb"},"inLanguage":"en-GB","potentialAction":[{"@type":"ReadAction","target":["https:\/\/gourmetcsomagkuldes.hu\/termek\/delikat-varazslat-ajandekkosar\/"]}]},{"@type":"ImageObject","inLanguage":"en-GB","@id":"https:\/\/gourmetcsomagkuldes.hu\/termek\/delikat-varazslat-ajandekkosar\/#primaryimage","url":"https:\/\/gourmetcsomagkuldes.hu\/wp-content\/uploads\/2025\/10\/image1-2.jpg","contentUrl":"https:\/\/gourmetcsomagkuldes.hu\/wp-content\/uploads\/2025\/10\/image1-2.jpg","width":600,"height":600},{"@type":"BreadcrumbList","@id":"https:\/\/gourmetcsomagkuldes.hu\/termek\/delikat-varazslat-ajandekkosar\/#breadcrumb","itemListElement":[{"@type":"ListItem","position":1,"name":"Kezd\u0151lap","item":"https:\/\/gourmetcsomagkuldes.hu\/"},{"@type":"ListItem","position":2,"name":"\u00dczlet","item":"https:\/\/gourmetcsomagkuldes.hu\/?page_id=10"},{"@type":"ListItem","position":3,"name":"Nagy delik\u00e1t var\u00e1zslat aj\u00e1nd\u00e9kkos\u00e1r"}]},{"@type":"WebSite","@id":"https:\/\/gourmetcsomagkuldes.hu\/#website","url":"https:\/\/gourmetcsomagkuldes.hu\/","name":"Gourmet Csomagk\u00fcld\u00e9s","description":"","publisher":{"@id":"https:\/\/gourmetcsomagkuldes.hu\/#organization"},"potentialAction":[{"@type":"SearchAction","target":{"@type":"EntryPoint","urlTemplate":"https:\/\/gourmetcsomagkuldes.hu\/?s={search_term_string}"},"query-input":{"@type":"PropertyValueSpecification","valueRequired":true,"valueName":"search_term_string"}}],"inLanguage":"en-GB"},{"@type":"Organization","@id":"https:\/\/gourmetcsomagkuldes.hu\/#organization","name":"Gourmet Csomagk\u00fcld\u00e9s","url":"https:\/\/gourmetcsomagkuldes.hu\/","logo":{"@type":"ImageObject","inLanguage":"en-GB","@id":"https:\/\/gourmetcsomagkuldes.hu\/#\/schema\/logo\/image\/","url":"https:\/\/gourmetcsomagkuldes.hu\/wp-content\/uploads\/2021\/09\/gourmet_csomagkuldes_logo_feher_png_202106091.png","contentUrl":"https:\/\/gourmetcsomagkuldes.hu\/wp-content\/uploads\/2021\/09\/gourmet_csomagkuldes_logo_feher_png_202106091.png","width":3544,"height":3544,"caption":"Gourmet Csomagk\u00fcld\u00e9s"},"image":{"@id":"https:\/\/gourmetcsomagkuldes.hu\/#\/schema\/logo\/image\/"}}]}},"_links":{"self":[{"href":"https:\/\/gourmetcsomagkuldes.hu\/en\/wp-json\/wp\/v2\/product\/73352","targetHints":{"allow":["GET"]}}],"collection":[{"href":"https:\/\/gourmetcsomagkuldes.hu\/en\/wp-json\/wp\/v2\/product"}],"about":[{"href":"https:\/\/gourmetcsomagkuldes.hu\/en\/wp-json\/wp\/v2\/types\/product"}],"wp:featuredmedia":[{"embeddable":true,"href":"https:\/\/gourmetcsomagkuldes.hu\/en\/wp-json\/wp\/v2\/media\/72651"}],"wp:attachment":[{"href":"https:\/\/gourmetcsomagkuldes.hu\/en\/wp-json\/wp\/v2\/media?parent=73352"}],"wp:term":[{"taxonomy":"product_brand","embeddable":true,"href":"https:\/\/gourmetcsomagkuldes.hu\/en\/wp-json\/wp\/v2\/product_brand?post=73352"},{"taxonomy":"product_cat","embeddable":true,"href":"https:\/\/gourmetcsomagkuldes.hu\/en\/wp-json\/wp\/v2\/product_cat?post=73352"},{"taxonomy":"product_tag","embeddable":true,"href":"https:\/\/gourmetcsomagkuldes.hu\/en\/wp-json\/wp\/v2\/product_tag?post=73352"}],"curies":[{"name":"wp","href":"https:\/\/api.w.org\/{rel}","templated":true}]}}